{"id":34,"date":"2019-02-16T13:47:22","date_gmt":"2019-02-16T13:47:22","guid":{"rendered":"http:\/\/theshout.de\/?page_id=34"},"modified":"2019-02-16T13:47:22","modified_gmt":"2019-02-16T13:47:22","slug":"bandinfo","status":"publish","type":"page","link":"http:\/\/theshout.de\/","title":{"rendered":"BANDINFO"},"content":{"rendered":"\n<p>Was passiert,\nwenn ein Brit-Rocker aus Birmingham sich nach jahrelanger Odyssee um den\nPlaneten mit Stationen in London, Seattle und Melbourne pl\u00f6tzlich in der\ndeutschen Provinzstadt Bremen niederl\u00e4sst?<br>\nEr lernt beim Fu\u00dfball den Schlagzeuger seiner zuk\u00fcnftigen Band THE SHOUT\nkennen.<br>\nDieses sportliche Ereignis f\u00fchrt \u00fcber diverse Ver\u00e4nderungen zur aktuellen\nBesetzung.<br>\nBei THE SHOUT haben sich sechs M\u00e4nner erfahrenen Alters gefunden, die sich und\ndem Rest der Welt eigentlich nichts mehr beweisen m\u00fcssten. Aber genau das tun\nsie gerade.<\/p>\n\n\n\n<p>Wer wissen\nwill, wie moderner, kraftvoller Britrock heute klingt, muss&nbsp;THE SHOUT\nh\u00f6ren.<br>\nHier klingt Reggae an, dort dreckiger Punk. Dazu Alles, was man in und auf den\nStra\u00dfen Birminghams in den 80er- und 90er-Jahren zu h\u00f6ren bekam, gemixt mit der\nbreitbandigen Erfahrung von deutschen Rockmusikern h\u00f6chster fachlicher Kunst\nund Individualit\u00e4t.<\/p>\n\n\n\n<p>Live besticht die\nBand durch eine enorme B\u00fchnenpr\u00e4senz, gepaart mit einem druckvollen, kompakten\nSound, der einen sofort in seinen Bann zieht\u2026 Diese Band klingt einfach!<br>\nUnd wer&nbsp;THE SHOUT einmal geh\u00f6rt hat, wird automatisch zum Fan!<\/p>\n\n\n\n<p>Bernd Assmann \u2013 Vocals<br>\nJ\u00f6rg Halama \u2013 Guitar<br>\nMichael Brady \u2013 Guitar, Vocals, Songs<br>\nAxel Theis \u2013 Bass<br>\nRobert Meister \u2013 Keyboards, Vocals<br>\nSven Rolfes \u2013 Drums, Vocals<\/p>\n","protected":false},"excerpt":{"rendered":"<p>Was passiert, wenn ein Brit-Rocker aus Birmingham sich nach jahrelanger Odyssee um den Planeten mit Stationen in London, Seattle und Melbourne pl\u00f6tzlich in der deutschen Provinzstadt Bremen niederl\u00e4sst? Er lernt<a href=\"http:\/\/theshout.de\/\" class=\"more-link\"><span class=\"readmore\">Continue reading<span class=\"screen-reader-text\">BANDINFO<\/span><\/span><\/a><\/p>\n","protected":false},"author":1,"featured_media":0,"parent":0,"menu_order":0,"comment_status":"closed","ping_status":"closed","template":"","meta":[],"_links":{"self":[{"href":"http:\/\/theshout.de\/index.php?rest_route=\/wp\/v2\/pages\/34"}],"collection":[{"href":"http:\/\/theshout.de\/index.php?rest_route=\/wp\/v2\/pages"}],"about":[{"href":"http:\/\/theshout.de\/index.php?rest_route=\/wp\/v2\/types\/page"}],"author":[{"embeddable":true,"href":"http:\/\/theshout.de\/index.php?rest_route=\/wp\/v2\/users\/1"}],"replies":[{"embeddable":true,"href":"http:\/\/theshout.de\/index.php?rest_route=%2Fwp%2Fv2%2Fcomments&post=34"}],"version-history":[{"count":1,"href":"http:\/\/theshout.de\/index.php?rest_route=\/wp\/v2\/pages\/34\/revisions"}],"predecessor-version":[{"id":35,"href":"http:\/\/theshout.de\/index.php?rest_route=\/wp\/v2\/pages\/34\/revisions\/35"}],"wp:attachment":[{"href":"http:\/\/theshout.de\/index.php?rest_route=%2Fwp%2Fv2%2Fmedia&parent=34"}],"curies":[{"name":"wp","href":"https:\/\/api.w.org\/{rel}","templated":true}]}}